{"id":435,"date":"2022-04-30T18:06:15","date_gmt":"2022-04-30T16:06:15","guid":{"rendered":"https:\/\/2022.itf-tirol-guides.at\/associazione\/"},"modified":"2024-01-04T18:27:50","modified_gmt":"2024-01-04T17:27:50","slug":"associazione","status":"publish","type":"page","link":"https:\/\/www.austriaguides.tirol\/it\/associazione\/","title":{"rendered":"Associazione"},"content":{"rendered":"<p>[et_pb_section fb_built=&#8221;1&#8243; _builder_version=&#8221;4.17.3&#8243; _module_preset=&#8221;default&#8221; global_colors_info=&#8221;{}&#8221;][et_pb_row _builder_version=&#8221;4.17.3&#8243; _module_preset=&#8221;default&#8221; global_colors_info=&#8221;{}&#8221;][et_pb_column type=&#8221;4_4&#8243; _builder_version=&#8221;4.17.3&#8243; _module_preset=&#8221;default&#8221; global_colors_info=&#8221;{}&#8221;][et_pb_blurb title=&#8221;T.A.T. \u2013 TEAM austriaguides TIROL&#8221; content_max_width=&#8221;1000px&#8221; admin_label=&#8221;CAT \u2013 CLUB austriaguides TIROL&#8221; _builder_version=&#8221;4.21.0&#8243; _module_preset=&#8221;default&#8221; header_level=&#8221;h1&#8243; body_line_height=&#8221;1.9em&#8221; hover_enabled=&#8221;0&#8243; global_colors_info=&#8221;{}&#8221; sticky_enabled=&#8221;0&#8243;]<\/p>\n<p><strong>Il TAT \u2013 Club <span class=\"letter-logo-austria\">austria<\/span><span class=\"letter-logo-guides\">guides<\/span> Tirol (prima ITF) \u00e8 stata fondata nel 1991 dalla nostra collega Gigi Schneider e si propone come piattaforma comune per rappresentare in modo adeguato ed efficiente gli interessi e gli obiettivi delle guide turistiche tirolesi verso l\u2019esterno e per promuovere e comunicare l\u2019immagine professionale delle guide turistiche come ambasciatori indispensabili del nostro paese e come interlocutori qualificati per l\u2019industria turistica nazionale ed estera.<\/strong><\/p>\n<p>[\/et_pb_blurb][et_pb_blurb title=&#8221;COLLABORAZIONE CON STRUTTURE TURISTICHE IN TUTTO IL TIROLO&#8221; content_max_width=&#8221;1000px&#8221; admin_label=&#8221;ZUSAMMENARBEIT MIT TOURISTISCHEN EINRICHTUNGEN IN GANZ TIROL&#8221; _builder_version=&#8221;4.21.0&#8243; _module_preset=&#8221;default&#8221; header_level=&#8221;h3&#8243; hover_enabled=&#8221;0&#8243; global_colors_info=&#8221;{}&#8221; sticky_enabled=&#8221;0&#8243;]<\/p>\n<p>Inoltre, il TAT, in collaborazione con le istituzioni culturali e turistiche del nostro paese (e non solo), offre ai suoi membri una formazione continua di alto e altissimo livello. Questo garantisce informazioni di prima mano, un prerequisito indispensabile per un trasferimento di conoscenze sempre aggiornato e con il massimo valore di utilit\u00e0 per i nostri ospiti e clienti. Questo a sua volta va a vantaggio del nostro paese in generale e dei nostri partner e ospiti turistici in particolare.<\/p>\n<p>In questo senso, il TAT promuove un turismo di qualit\u00e0 ed \u00e8 quindi garante di un business sostenibile e orientato al futuro nel settore turistico.<\/p>\n<p>[\/et_pb_blurb][et_pb_blurb title=&#8221;OLTRE 150 MEMBRI E PI\u00d9 DI 20 LINGUE DISPONIBILI&#8221; content_max_width=&#8221;1000px&#8221; admin_label=&#8221;\u00dcBER 150 MITGLIEDER UND MEHR ALS 20 SPRACHEN VERF\u00dcGBAR&#8221; _builder_version=&#8221;4.21.0&#8243; _module_preset=&#8221;default&#8221; header_level=&#8221;h3&#8243; hover_enabled=&#8221;0&#8243; global_colors_info=&#8221;{}&#8221; sticky_enabled=&#8221;0&#8243;]<\/p>\n<p>Come associazione e gruppo di interesse volontario, il TAT conta attualmente pi\u00f9 di 150 membri e pu\u00f2 organizzare visite guidate ed escursioni in oltre 20 lingue.<\/p>\n<p>[\/et_pb_blurb][\/et_pb_column][\/et_pb_row][\/et_pb_section]<\/p>\n","protected":false},"excerpt":{"rendered":"<p>Il TAT \u2013 Club austriaguides Tirol (prima ITF) \u00e8 stata fondata nel 1991 dalla nostra collega Gigi Schneider e si propone come piattaforma comune per rappresentare in modo adeguato ed [&hellip;]<\/p>\n","protected":false},"author":2,"featured_media":0,"parent":0,"menu_order":0,"comment_status":"closed","ping_status":"closed","template":"","meta":{"_et_pb_use_builder":"on","_et_pb_old_content":"","_et_gb_content_width":"","footnotes":""},"class_list":["post-435","page","type-page","status-publish","hentry"],"_links":{"self":[{"href":"https:\/\/www.austriaguides.tirol\/it\/wp-json\/wp\/v2\/pages\/435","targetHints":{"allow":["GET"]}}],"collection":[{"href":"https:\/\/www.austriaguides.tirol\/it\/wp-json\/wp\/v2\/pages"}],"about":[{"href":"https:\/\/www.austriaguides.tirol\/it\/wp-json\/wp\/v2\/types\/page"}],"author":[{"embeddable":true,"href":"https:\/\/www.austriaguides.tirol\/it\/wp-json\/wp\/v2\/users\/2"}],"replies":[{"embeddable":true,"href":"https:\/\/www.austriaguides.tirol\/it\/wp-json\/wp\/v2\/comments?post=435"}],"version-history":[{"count":0,"href":"https:\/\/www.austriaguides.tirol\/it\/wp-json\/wp\/v2\/pages\/435\/revisions"}],"wp:attachment":[{"href":"https:\/\/www.austriaguides.tirol\/it\/wp-json\/wp\/v2\/media?parent=435"}],"curies":[{"name":"wp","href":"https:\/\/api.w.org\/{rel}","templated":true}]}}