{"id":8466,"date":"2022-04-30T18:35:23","date_gmt":"2022-04-30T16:35:23","guid":{"rendered":"https:\/\/www.austriaguides.tirol\/journee-mondiale-des-guides-touristiques\/"},"modified":"2025-12-31T16:03:44","modified_gmt":"2025-12-31T15:03:44","slug":"journee-mondiale-des-guides-touristiques","status":"publish","type":"page","link":"https:\/\/www.austriaguides.tirol\/fr\/","title":{"rendered":"JOURN\u00c9E MONDIALE DES GUIDES TOURISTIQUES"},"content":{"rendered":"<p>[et_pb_section fb_built=&#8221;1&#8243; _builder_version=&#8221;4.16&#8243; global_colors_info=&#8221;{}&#8221;][et_pb_row _builder_version=&#8221;4.16&#8243; background_size=&#8221;initial&#8221; background_position=&#8221;top_left&#8221; background_repeat=&#8221;repeat&#8221; global_colors_info=&#8221;{}&#8221;][et_pb_column type=&#8221;4_4&#8243; _builder_version=&#8221;4.16&#8243; custom_padding=&#8221;|||&#8221; global_colors_info=&#8221;{}&#8221; custom_padding__hover=&#8221;|||&#8221;][et_pb_text disabled_on=&#8221;off|off|off&#8221; _builder_version=&#8221;4.24.3&#8243; background_size=&#8221;initial&#8221; background_position=&#8221;top_left&#8221; background_repeat=&#8221;repeat&#8221; global_colors_info=&#8221;{}&#8221;]<\/p>\n<h1>JOURN\u00c9E MONDIALE DES GUIDES TOURISTIQUES 2026<\/h1>\n<p>L&#8217;association TaT \u2013 Team austriaguides Tyrol organise le samedi 21 f\u00e9vrier 2026 la Journ\u00e9e annuelle d&#8217;action &#8220;Journ\u00e9e mondiale des guides touristiques&#8221;. Tout au long de la journ\u00e9e, les austriaguides du Tyrol proposent environ 60 visites guid\u00e9es gratuites.<\/p>\n<p>[\/et_pb_text][et_pb_text disabled_on=&#8221;off|off|off&#8221; _builder_version=&#8221;4.24.3&#8243; background_size=&#8221;initial&#8221; background_position=&#8221;top_left&#8221; background_repeat=&#8221;repeat&#8221; custom_padding=&#8221;11px|11px|11px|11px|true|true&#8221; border_radii=&#8221;on|3px|3px|3px|3px&#8221; border_width_all=&#8221;2px&#8221; border_color_all=&#8221;#EC1D23&#8243; global_colors_info=&#8221;{}&#8221;]Les visites sont gratuites \u2013 les dons volontaires sont les bienvenus \u2013 les recettes seront int\u00e9gralement revers\u00e9es \u00e0 l&#8217;organisation &#8220;Licht ins Dunkel-Soforthilfe Tirol&#8221;. Veuillez vous inscrire \u00e0 l&#8217;avance pour les visites individuelles (en cliquant sur la visite respective), car le nombre de participants est limit\u00e9. Si vous \u00eates int\u00e9ress\u00e9 par plusieurs visites, veuillez noter qu&#8217;une visite dure entre 60 et 90 minutes.[\/et_pb_text][et_pb_code _builder_version=&#8221;4.24.3&#8243; _module_preset=&#8221;default&#8221; global_colors_info=&#8221;{}&#8221;]<!-- [et_pb_line_break_holder] --><script data-js='tribe-events-view-nonce-data' type='application\/json'>{\"_tec_view_rest_nonce_primary\":\"6f6cdb7c58\",\"_tec_view_rest_nonce_secondary\":\"\"}<\/script><!-- [et_pb_line_break_holder] --><!-- [et_pb_line_break_holder] --><script data-js='tribe-events-view-nonce-data' type='application\/json'>{\"_tec_view_rest_nonce_primary\":\"6f6cdb7c58\",\"_tec_view_rest_nonce_secondary\":\"\"}<\/script><!-- [et_pb_line_break_holder] --><!-- [et_pb_line_break_holder] --><script data-js='tribe-events-view-nonce-data' type='application\/json'>{\"_tec_view_rest_nonce_primary\":\"6f6cdb7c58\",\"_tec_view_rest_nonce_secondary\":\"\"}<\/script><!-- [et_pb_line_break_holder] --><!-- [et_pb_line_break_holder] --><script data-js='tribe-events-view-nonce-data' type='application\/json'>{\"_tec_view_rest_nonce_primary\":\"6f6cdb7c58\",\"_tec_view_rest_nonce_secondary\":\"\"}<\/script><!-- [et_pb_line_break_holder] --><!-- [et_pb_line_break_holder] --><script data-js='tribe-events-view-nonce-data' type='application\/json'>{\"_tec_view_rest_nonce_primary\":\"6f6cdb7c58\",\"_tec_view_rest_nonce_secondary\":\"\"}<\/script><!-- [et_pb_line_break_holder] --><!-- [et_pb_line_break_holder] --><script data-js='tribe-events-view-nonce-data' type='application\/json'>{\"_tec_view_rest_nonce_primary\":\"6f6cdb7c58\",\"_tec_view_rest_nonce_secondary\":\"\"}<\/script><!-- [et_pb_line_break_holder] --><!-- [et_pb_line_break_holder] --><script data-js='tribe-events-view-nonce-data' type='application\/json'>{\"_tec_view_rest_nonce_primary\":\"6f6cdb7c58\",\"_tec_view_rest_nonce_secondary\":\"\"}<\/script><!-- [et_pb_line_break_holder] --><!-- [et_pb_line_break_holder] --><script data-js='tribe-events-view-nonce-data' type='application\/json'>{\"_tec_view_rest_nonce_primary\":\"6f6cdb7c58\",\"_tec_view_rest_nonce_secondary\":\"\"}<\/script><!-- [et_pb_line_break_holder] --><!-- [et_pb_line_break_holder] --><script data-js='tribe-events-view-nonce-data' type='application\/json'>{\"_tec_view_rest_nonce_primary\":\"6f6cdb7c58\",\"_tec_view_rest_nonce_secondary\":\"\"}<\/script><!-- [et_pb_line_break_holder] -->[\/et_pb_code][et_pb_image src=&#8221;https:\/\/www.austriaguides.tirol\/wp-content\/uploads\/2024\/03\/tat_welttag_2024_spenden.jpg&#8221; title_text=&#8221;tat_welttag_2024_spenden&#8221; show_in_lightbox=&#8221;on&#8221; _builder_version=&#8221;4.24.3&#8243; _module_preset=&#8221;default&#8221; global_colors_info=&#8221;{}&#8221;][\/et_pb_image][et_pb_text _builder_version=&#8221;4.24.3&#8243; background_size=&#8221;initial&#8221; background_position=&#8221;top_left&#8221; background_repeat=&#8221;repeat&#8221; global_colors_info=&#8221;{}&#8221;]JOURN\u00c9E MONDIALE DES GUIDES TOURISTIQUES 2024[\/et_pb_text][\/et_pb_column][\/et_pb_row][et_pb_row disabled_on=&#8221;on|on|on&#8221; _builder_version=&#8221;4.19.5&#8243; background_size=&#8221;initial&#8221; background_position=&#8221;top_left&#8221; background_repeat=&#8221;repeat&#8221; disabled=&#8221;on&#8221; global_colors_info=&#8221;{}&#8221;][et_pb_column type=&#8221;4_4&#8243; _builder_version=&#8221;4.16&#8243; custom_padding=&#8221;|||&#8221; global_colors_info=&#8221;{}&#8221; custom_padding__hover=&#8221;|||&#8221;][et_pb_text disabled_on=&#8221;off|off|off&#8221; _builder_version=&#8221;4.21.0&#8243; background_size=&#8221;initial&#8221; background_position=&#8221;top_left&#8221; background_repeat=&#8221;repeat&#8221; global_colors_info=&#8221;{}&#8221;][\/et_pb_text][et_pb_button button_text=&#8221; &#8221; _builder_version=&#8221;4.21.0&#8243; _module_preset=&#8221;default&#8221; locked=&#8221;off&#8221; global_colors_info=&#8221;{}&#8221;][\/et_pb_button][\/et_pb_column][\/et_pb_row][\/et_pb_section]<\/p>\n","protected":false},"excerpt":{"rendered":"<p>JOURN\u00c9E MONDIALE DES GUIDES TOURISTIQUES 2026 L&#8217;association TaT \u2013 Team austriaguides Tyrol organise le samedi 21 f\u00e9vrier 2026 la Journ\u00e9e annuelle d&#8217;action &#8220;Journ\u00e9e mondiale des guides touristiques&#8221;. Tout au long [&hellip;]<\/p>\n","protected":false},"author":2,"featured_media":0,"parent":0,"menu_order":0,"comment_status":"closed","ping_status":"closed","template":"","meta":{"_et_pb_use_builder":"on","_et_pb_old_content":"","_et_gb_content_width":"","footnotes":""},"class_list":["post-8466","page","type-page","status-publish","hentry"],"_links":{"self":[{"href":"https:\/\/www.austriaguides.tirol\/fr\/wp-json\/wp\/v2\/pages\/8466","targetHints":{"allow":["GET"]}}],"collection":[{"href":"https:\/\/www.austriaguides.tirol\/fr\/wp-json\/wp\/v2\/pages"}],"about":[{"href":"https:\/\/www.austriaguides.tirol\/fr\/wp-json\/wp\/v2\/types\/page"}],"author":[{"embeddable":true,"href":"https:\/\/www.austriaguides.tirol\/fr\/wp-json\/wp\/v2\/users\/2"}],"replies":[{"embeddable":true,"href":"https:\/\/www.austriaguides.tirol\/fr\/wp-json\/wp\/v2\/comments?post=8466"}],"version-history":[{"count":0,"href":"https:\/\/www.austriaguides.tirol\/fr\/wp-json\/wp\/v2\/pages\/8466\/revisions"}],"wp:attachment":[{"href":"https:\/\/www.austriaguides.tirol\/fr\/wp-json\/wp\/v2\/media?parent=8466"}],"curies":[{"name":"wp","href":"https:\/\/api.w.org\/{rel}","templated":true}]}}