{"id":6896,"date":"2022-04-30T18:07:14","date_gmt":"2022-04-30T16:07:14","guid":{"rendered":"https:\/\/www.itf-guides.at\/tarifs\/"},"modified":"2025-12-31T16:06:59","modified_gmt":"2025-12-31T15:06:59","slug":"tarifs","status":"publish","type":"page","link":"https:\/\/www.austriaguides.tirol\/fr\/tarifs\/","title":{"rendered":"Tarifs"},"content":{"rendered":"<p>[et_pb_section fb_built=&#8221;1&#8243; _builder_version=&#8221;4.17.3&#8243; _module_preset=&#8221;default&#8221; global_colors_info=&#8221;{}&#8221;][et_pb_row _builder_version=&#8221;4.17.3&#8243; _module_preset=&#8221;default&#8221; global_colors_info=&#8221;{}&#8221;][et_pb_column type=&#8221;4_4&#8243; _builder_version=&#8221;4.17.3&#8243; _module_preset=&#8221;default&#8221; global_colors_info=&#8221;{}&#8221;][et_pb_blurb title=&#8221;TARIFS DES GUIDES DIPL\u00d4M\u00c9S&#8221; _builder_version=&#8221;4.27.4&#8243; _module_preset=&#8221;default&#8221; header_level=&#8221;h1&#8243; global_colors_info=&#8221;{}&#8221;]<\/p>\n<h2>Tarifs par visite guid\u00e9e<\/h2>\n<p>1 heure 140,00 Euro<br \/>1,5 &#8211; 2 heures 170,00 Euro<br \/>3 heures 195,00 Euro<br \/>4 heures 220,00 Euro<br \/>5 heures 250,00 Euro<br \/>Plus que 5 heures 350,00 Euro (jusqu&#8217;\u00e0 8 heures)<br \/>chaque heure suppl\u00e9mentaire + 40,00 Euro<\/p>\n<h2>Tarifs pour les excursions<\/h2>\n<p>1\/2 journ\u00e9e 250,00 Euro (jusqu&#8217;\u00e0 5 heures)<br \/>1 journ\u00e9e 350,00 Euro (plus que 5 heures et jusqu&#8217;\u00e0 8 heures)<br \/>chaque heure suppl\u00e9mentaire + 40,00 Euro<\/p>\n<p>Tous les tarifs indiqu\u00e9s pour les visites guid\u00e9es et les excursions sont des prix indicatifs.<\/p>\n<h2>Taille du groupe<\/h2>\n<p>La taille des groupes pour les visites guid\u00e9es est limit\u00e9e \u00e0 25 personnes. Si le nombre de personnes d\u00e9passe 25, le groupe est divis\u00e9 en deux!<\/p>\n<h2>Validit\u00e9<\/h2>\n<p>Les tarifs sont valables \u00e0 partir du : 1.1.2026<\/p>\n<p>[\/et_pb_blurb][\/et_pb_column][\/et_pb_row][\/et_pb_section]<\/p>\n","protected":false},"excerpt":{"rendered":"<p>Tarifs par visite guid\u00e9e 1 heure 140,00 Euro1,5 &#8211; 2 heures 170,00 Euro3 heures 195,00 Euro4 heures 220,00 Euro5 heures 250,00 EuroPlus que 5 heures 350,00 Euro (jusqu&#8217;\u00e0 8 heures)chaque [&hellip;]<\/p>\n","protected":false},"author":2,"featured_media":0,"parent":0,"menu_order":0,"comment_status":"closed","ping_status":"closed","template":"","meta":{"_et_pb_use_builder":"on","_et_pb_old_content":"","_et_gb_content_width":"","footnotes":""},"class_list":["post-6896","page","type-page","status-publish","hentry"],"_links":{"self":[{"href":"https:\/\/www.austriaguides.tirol\/fr\/wp-json\/wp\/v2\/pages\/6896","targetHints":{"allow":["GET"]}}],"collection":[{"href":"https:\/\/www.austriaguides.tirol\/fr\/wp-json\/wp\/v2\/pages"}],"about":[{"href":"https:\/\/www.austriaguides.tirol\/fr\/wp-json\/wp\/v2\/types\/page"}],"author":[{"embeddable":true,"href":"https:\/\/www.austriaguides.tirol\/fr\/wp-json\/wp\/v2\/users\/2"}],"replies":[{"embeddable":true,"href":"https:\/\/www.austriaguides.tirol\/fr\/wp-json\/wp\/v2\/comments?post=6896"}],"version-history":[{"count":0,"href":"https:\/\/www.austriaguides.tirol\/fr\/wp-json\/wp\/v2\/pages\/6896\/revisions"}],"wp:attachment":[{"href":"https:\/\/www.austriaguides.tirol\/fr\/wp-json\/wp\/v2\/media?parent=6896"}],"curies":[{"name":"wp","href":"https:\/\/api.w.org\/{rel}","templated":true}]}}