{"id":438,"date":"2022-04-30T18:06:15","date_gmt":"2022-04-30T16:06:15","guid":{"rendered":"https:\/\/2022.itf-tirol-guides.at\/association-communaute-dinterets-des-guides-touristiques-tyroliens\/"},"modified":"2023-12-20T17:34:53","modified_gmt":"2023-12-20T16:34:53","slug":"association","status":"publish","type":"page","link":"https:\/\/www.austriaguides.tirol\/fr\/association\/","title":{"rendered":"Association"},"content":{"rendered":"<p>[et_pb_section fb_built=&#8221;1&#8243; _builder_version=&#8221;4.17.3&#8243; _module_preset=&#8221;default&#8221; global_colors_info=&#8221;{}&#8221;][et_pb_row _builder_version=&#8221;4.17.3&#8243; _module_preset=&#8221;default&#8221; global_colors_info=&#8221;{}&#8221;][et_pb_column type=&#8221;4_4&#8243; _builder_version=&#8221;4.17.3&#8243; _module_preset=&#8221;default&#8221; global_colors_info=&#8221;{}&#8221;][et_pb_blurb title=&#8221;T.A.T. \u2013 TEAM austriaguides TIROL&#8221; content_max_width=&#8221;1000px&#8221; admin_label=&#8221;CAT \u2013 CLUB austriaguides TIROL&#8221; _builder_version=&#8221;4.21.0&#8243; _module_preset=&#8221;default&#8221; header_level=&#8221;h1&#8243; body_line_height=&#8221;1.9em&#8221; global_colors_info=&#8221;{}&#8221;]<\/p>\n<p><strong>Le T.A.T. &#8211; Team <span class=\"letter-logo-austria\">austria<\/span><span class=\"letter-logo-guides\">guides<\/span> Tirol (anciennement ITF &#8211; groupe d&#8217;int\u00e9r\u00eat guides touristiques tyroliens) a \u00e9t\u00e9 fond\u00e9 en 1991 par notre coll\u00e8gue Gigi Schneider et se consid\u00e8re comme une plate-forme commune pour pouvoir repr\u00e9senter de mani\u00e8re ad\u00e9quate et efficace les int\u00e9r\u00eats et les objectifs des austriaguides tyroliens aupr\u00e8s du monde ext\u00e9rieur et de promouvoir l&#8217;image professionnelle du Pour promouvoir et m\u00e9diatiser austriaguides en tant qu&#8217;ambassadeurs indispensables de notre pays et en tant que contacts qualifi\u00e9s pour l&#8217;industrie du tourisme national et \u00e9tranger.<\/strong><\/p>\n<p>[\/et_pb_blurb][et_pb_blurb title=&#8221;  COOP\u00c9RATION AVEC DES \u00c9QUIPEMENTS TOURISTIQUES DANS TOUT LE TYROL&#8221; content_max_width=&#8221;1000px&#8221; admin_label=&#8221;ZUSAMMENARBEIT MIT TOURISTISCHEN EINRICHTUNGEN IN GANZ TIROL&#8221; _builder_version=&#8221;4.21.0&#8243; _module_preset=&#8221;default&#8221; header_level=&#8221;h3&#8243; global_colors_info=&#8221;{}&#8221;]<\/p>\n<p>Le T.A.T., en coop\u00e9ration avec les institutions culturelles et touristiques de notre pays (et au-del\u00e0), propose \u00e0 ses membres une formation continue de haut niveau. Cela garantit des informations de premi\u00e8re main, une condition pr\u00e9alable indispensable pour un transfert de connaissances constamment \u00e0 jour avec la plus grande valeur pratique possible pour nos h\u00f4tes et clients. Cela profite \u00e0 son tour \u00e0 notre pays en g\u00e9n\u00e9ral et \u00e0 nos partenaires et invit\u00e9s touristiques en particulier.En ce sens, l&#8217;ITF promeut un tourisme de qualit\u00e9 et est ainsi le garant d&#8217;une \u00e9conomie durable et orient\u00e9e vers l&#8217;avenir dans le domaine du tourisme.<\/p>\n<p>[\/et_pb_blurb][et_pb_blurb title=&#8221;PLUS DE 150 MEMBRES ET PLUS DE 20 LANGUES DISPONIBLES&#8221; content_max_width=&#8221;1000px&#8221; admin_label=&#8221;\u00dcBER 150 MITGLIEDER UND MEHR ALS 20 SPRACHEN VERF\u00dcGBAR&#8221; _builder_version=&#8221;4.21.0&#8243; _module_preset=&#8221;default&#8221; header_level=&#8221;h3&#8243; global_colors_info=&#8221;{}&#8221;]<\/p>\n<p>En tant qu&#8217;association et groupement d&#8217;int\u00e9r\u00eat b\u00e9n\u00e9vole, le T.A.T. compte actuellement plus de 150 membres et peut organiser des visites guid\u00e9es et des excursions dans plus de 20 langues.<\/p>\n<p>[\/et_pb_blurb][\/et_pb_column][\/et_pb_row][\/et_pb_section]<\/p>\n","protected":false},"excerpt":{"rendered":"<p>Le T.A.T. &#8211; Team austriaguides Tirol (anciennement ITF &#8211; groupe d&#8217;int\u00e9r\u00eat guides touristiques tyroliens) a \u00e9t\u00e9 fond\u00e9 en 1991 par notre coll\u00e8gue Gigi Schneider et se consid\u00e8re comme une plate-forme [&hellip;]<\/p>\n","protected":false},"author":2,"featured_media":0,"parent":0,"menu_order":0,"comment_status":"closed","ping_status":"closed","template":"","meta":{"_et_pb_use_builder":"on","_et_pb_old_content":"","_et_gb_content_width":"","footnotes":""},"class_list":["post-438","page","type-page","status-publish","hentry"],"_links":{"self":[{"href":"https:\/\/www.austriaguides.tirol\/fr\/wp-json\/wp\/v2\/pages\/438","targetHints":{"allow":["GET"]}}],"collection":[{"href":"https:\/\/www.austriaguides.tirol\/fr\/wp-json\/wp\/v2\/pages"}],"about":[{"href":"https:\/\/www.austriaguides.tirol\/fr\/wp-json\/wp\/v2\/types\/page"}],"author":[{"embeddable":true,"href":"https:\/\/www.austriaguides.tirol\/fr\/wp-json\/wp\/v2\/users\/2"}],"replies":[{"embeddable":true,"href":"https:\/\/www.austriaguides.tirol\/fr\/wp-json\/wp\/v2\/comments?post=438"}],"version-history":[{"count":0,"href":"https:\/\/www.austriaguides.tirol\/fr\/wp-json\/wp\/v2\/pages\/438\/revisions"}],"wp:attachment":[{"href":"https:\/\/www.austriaguides.tirol\/fr\/wp-json\/wp\/v2\/media?parent=438"}],"curies":[{"name":"wp","href":"https:\/\/api.w.org\/{rel}","templated":true}]}}